{"id":13,"date":"2019-01-13T10:46:34","date_gmt":"2019-01-13T10:46:34","guid":{"rendered":"http:\/\/www.hestiasungolf.com\/?page_id=13"},"modified":"2019-04-22T08:39:47","modified_gmt":"2019-04-22T08:39:47","slug":"aviso-legal","status":"publish","type":"page","link":"http:\/\/aluminioslamarina.com\/en\/aviso-legal\/","title":{"rendered":"Legal Warning"},"content":{"rendered":"<p>In compliance with article 10 of Law 34\/2002, of July 11, on services of the Information Society and Electronic Commerce (LSSICE), the identifying data of the company are presented below.<\/p>\r\n\r\n\r\n\r\n<p><strong>Social denomination:<\/strong><\/p>\r\n\r\n\r\n\r\n<p>Francisco Linares Pascual (Aluminios La Marina)<\/p>\r\n\r\n\r\n\r\n<p><strong>Tax identification number:<\/strong><\/p>\r\n\r\n\r\n\r\n<p>33481745R<\/p>\r\n\r\n\r\n\r\n<p><strong>Registered office:<\/strong><\/p>\r\n\r\n\r\n\r\n<p>POL. IND. LOS MORA, CL ISLA FORMENTERA 6,NAVE 3<\/p>\r\n\r\n\r\n\r\n<p>03177 SAN FULGENCIO<\/p>\r\n\r\n\r\n\r\n<p>Alicante<\/p>\r\n\r\n\r\n\r\n<p><strong>Email:<\/strong><\/p>\r\n\r\n\r\n\r\n<p><a href=\"mailto:info@aluminioslamarina.com\" target=\"_blank\" rel=\"noreferrer noopener\">info@aluminioslamarina.com<\/a><\/p>\r\n\r\n\r\n\r\n<p><strong>Phone:<\/strong><\/p>\r\n\r\n\r\n\r\n<p>666941047<\/p>\r\n\r\n\r\n\r\n<p>This website has been created by the company Aluminios La Marina for informational purposes and for the personal use of users. Through this Legal Notice, it is intended to regulate the access and use of this website, as well as the relationship between the website and its users. By accessing this website, the following terms and conditions are accepted:<\/p>\r\n\r\n\r\n\r\n<p>Access to this website is the sole responsibility of the users.<\/p>\r\n\r\n\r\n\r\n<p>The simple access to this website does not imply any kind of commercial relationship between Aluminios La Marina and the user.<\/p>\r\n\r\n\r\n\r\n<p>The access and navigation on this website implies accepting and knowing the legal warnings, conditions and terms of use contained therein.<\/p>\r\n\r\n\r\n\r\n<p>The owner of the website may offer services or products that may be subject to special conditions that, depending on the case, substitute, complete and \/ or modify these conditions, and on which the user will be informed in each specific case.<\/p>","protected":false},"excerpt":{"rendered":"<p>En cumplimiento del art\u00edculo 10 de la Ley 34\/2002, del 11 de julio, de servicios de la Sociedad de la Informaci\u00f3n y Comercio Electr\u00f3nico (LSSICE) se exponen a continuaci\u00f3n los datos identificativos de la empresa. Denominaci\u00f3n social: Francisco Linares Pascual (Aluminios La Marina) N\u00famero de&#8230;<\/p>","protected":false},"author":1,"featured_media":0,"parent":0,"menu_order":0,"comment_status":"closed","ping_status":"closed","template":"","meta":{"_exactmetrics_skip_tracking":false,"_exactmetrics_sitenote_active":false,"_exactmetrics_sitenote_note":"","_exactmetrics_sitenote_category":0,"_monsterinsights_skip_tracking":false,"_monsterinsights_sitenote_active":false,"_monsterinsights_sitenote_note":"","_monsterinsights_sitenote_category":0,"footnotes":""},"class_list":["post-13","page","type-page","status-publish","hentry"],"_links":{"self":[{"href":"http:\/\/aluminioslamarina.com\/en\/wp-json\/wp\/v2\/pages\/13","targetHints":{"allow":["GET"]}}],"collection":[{"href":"http:\/\/aluminioslamarina.com\/en\/wp-json\/wp\/v2\/pages"}],"about":[{"href":"http:\/\/aluminioslamarina.com\/en\/wp-json\/wp\/v2\/types\/page"}],"author":[{"embeddable":true,"href":"http:\/\/aluminioslamarina.com\/en\/wp-json\/wp\/v2\/users\/1"}],"replies":[{"embeddable":true,"href":"http:\/\/aluminioslamarina.com\/en\/wp-json\/wp\/v2\/comments?post=13"}],"version-history":[{"count":3,"href":"http:\/\/aluminioslamarina.com\/en\/wp-json\/wp\/v2\/pages\/13\/revisions"}],"predecessor-version":[{"id":579,"href":"http:\/\/aluminioslamarina.com\/en\/wp-json\/wp\/v2\/pages\/13\/revisions\/579"}],"wp:attachment":[{"href":"http:\/\/aluminioslamarina.com\/en\/wp-json\/wp\/v2\/media?parent=13"}],"curies":[{"name":"wp","href":"https:\/\/api.w.org\/{rel}","templated":true}]}}