{"id":9,"date":"2019-01-13T10:46:34","date_gmt":"2019-01-13T10:46:34","guid":{"rendered":"http:\/\/www.hestiasungolf.com\/?page_id=9"},"modified":"2019-07-10T15:30:02","modified_gmt":"2019-07-10T15:30:02","slug":"nuestra-empresa","status":"publish","type":"page","link":"https:\/\/aluminioslamarina.com\/en\/nuestra-empresa\/","title":{"rendered":"Our Company"},"content":{"rendered":"<div class=\"wpb-content-wrapper\"><div      class=\"vc_row wpb_row section vc_row-fluid\" style=' text-align:left;'><div class=\"full_section_inner clearfix\"><div class=\"wpb_column vc_column_container vc_col-sm-2\/5\"><div class=\"vc_column-inner\"><div class=\"wpb_wrapper\">\n\t<div class=\"wpb_text_column wpb_content_element\">\n\t\t<div class=\"wpb_wrapper\">\n\t\t\t<p align=\"justify\">\u00a0 \u00a0 \u00a0 \u00a0 \u00a0Aluminios La Marina is a metal carpentry company with more than 25 years experience in the aluminum sector.<\/p>\n<p align=\"justify\">\u00a0 \u00a0 \u00a0 \u00a0 \u00a0Leaving outside the heat, cold, humidity, wind and noise. This provides unquestionable comfort. Aluminios La Marina achieves this with the proven experience and reliability of its aluminum carpentry.<\/p>\n<p align=\"justify\">\u00a0 \u00a0 \u00a0 \u00a0 \u00a0 Our philosophy of work is based on offering our customers the best quality, both in materials and assembly, speedy and efficient after-sales service and personalized attention according to the costumers needs.<\/p>\n<p align=\"justify\">\u00a0 \u00a0 \u00a0 \u00a0 \u00a0We can offer a wide range of solutions in all areas of aluminum carpentry (windows, doors and enclosures of all types, including curved, aluminum thermal bridge break, curtain walls, mobile roofs, etc.) in our showroom we display some examples of our finished projects.<\/p>\n<p align=\"justify\">\u00a0 \u00a0 \u00a0 \u00a0 \u00a0We invite you to visit our exhibitions located in the Industrial Estate Los Mora, C \/ Isla Formentera, 6, Nave 3, in San Fulgencio, where you can see for yourself a wide range of products. We can offer personal advice on any of the products in which you are interested.<\/p>\n\n\t\t<\/div> \n\t<\/div> <\/div><\/div><\/div><div class=\"wpb_column vc_column_container vc_col-sm-1\/5\"><div class=\"vc_column-inner\"><div class=\"wpb_wrapper\">\r\n\t<div class=\"wpb_single_image wpb_content_element vc_align_center  vc_custom_1561312436017\">\r\n\t\t<div class=\"wpb_wrapper\">\r\n\t\t\t\r\n\t\t\t<a class=\"qode-prettyphoto qode-single-image-pretty-photo\" data-rel=\"prettyPhoto[rel-9-344412748]\" href=\"https:\/\/aluminioslamarina.com\/wp-content\/uploads\/2019\/03\/IMG_8485-2-1024x683.jpg\" target=\"_self\"><div class=\"vc_single_image-wrapper   vc_box_border_grey\"><img loading=\"lazy\" decoding=\"async\" width=\"150\" height=\"150\" src=\"https:\/\/aluminioslamarina.com\/wp-content\/uploads\/2019\/03\/IMG_8485-2-150x150.jpg\" class=\"vc_single_image-img attachment-thumbnail\" alt=\"\" title=\"IMG_8485\" srcset=\"https:\/\/aluminioslamarina.com\/wp-content\/uploads\/2019\/03\/IMG_8485-2-150x150.jpg 150w, https:\/\/aluminioslamarina.com\/wp-content\/uploads\/2019\/03\/IMG_8485-2-570x570.jpg 570w, https:\/\/aluminioslamarina.com\/wp-content\/uploads\/2019\/03\/IMG_8485-2-500x500.jpg 500w\" sizes=\"auto, (max-width: 150px) 100vw, 150px\" \/><\/div><\/a>\r\n\t\t<\/div>\r\n\t<\/div>\r\n\r\n\t<div class=\"wpb_single_image wpb_content_element vc_align_center  vc_custom_1561312449762\">\r\n\t\t<div class=\"wpb_wrapper\">\r\n\t\t\t\r\n\t\t\t<a class=\"qode-prettyphoto qode-single-image-pretty-photo\" data-rel=\"prettyPhoto[rel-9-1387634944]\" href=\"https:\/\/aluminioslamarina.com\/wp-content\/uploads\/2019\/03\/IMG_8358-2-e1551647475839-683x1024.jpg\" target=\"_self\"><div class=\"vc_single_image-wrapper   vc_box_border_grey\"><img loading=\"lazy\" decoding=\"async\" width=\"150\" height=\"150\" src=\"https:\/\/aluminioslamarina.com\/wp-content\/uploads\/2019\/03\/IMG_8358-2-e1551647475839-150x150.jpg\" class=\"vc_single_image-img attachment-thumbnail\" alt=\"\" title=\"IMG_8358\" srcset=\"https:\/\/aluminioslamarina.com\/wp-content\/uploads\/2019\/03\/IMG_8358-2-e1551647475839-150x150.jpg 150w, https:\/\/aluminioslamarina.com\/wp-content\/uploads\/2019\/03\/IMG_8358-2-e1551647475839-570x570.jpg 570w, https:\/\/aluminioslamarina.com\/wp-content\/uploads\/2019\/03\/IMG_8358-2-e1551647475839-500x500.jpg 500w\" sizes=\"auto, (max-width: 150px) 100vw, 150px\" \/><\/div><\/a>\r\n\t\t<\/div>\r\n\t<\/div>\r\n\r\n\t<div class=\"wpb_single_image wpb_content_element vc_align_center  vc_custom_1561312458915\">\r\n\t\t<div class=\"wpb_wrapper\">\r\n\t\t\t\r\n\t\t\t<a class=\"qode-prettyphoto qode-single-image-pretty-photo\" data-rel=\"prettyPhoto[rel-9-1534176959]\" href=\"https:\/\/aluminioslamarina.com\/wp-content\/uploads\/2019\/03\/IMG_8341-2-e1551647957835-683x1024.jpg\" target=\"_self\"><div class=\"vc_single_image-wrapper   vc_box_border_grey\"><img loading=\"lazy\" decoding=\"async\" width=\"150\" height=\"150\" src=\"https:\/\/aluminioslamarina.com\/wp-content\/uploads\/2019\/03\/IMG_8341-2-e1551647957835-150x150.jpg\" class=\"vc_single_image-img attachment-thumbnail\" alt=\"\" title=\"IMG_8341\" srcset=\"https:\/\/aluminioslamarina.com\/wp-content\/uploads\/2019\/03\/IMG_8341-2-e1551647957835-150x150.jpg 150w, https:\/\/aluminioslamarina.com\/wp-content\/uploads\/2019\/03\/IMG_8341-2-e1551647957835-570x570.jpg 570w, https:\/\/aluminioslamarina.com\/wp-content\/uploads\/2019\/03\/IMG_8341-2-e1551647957835-500x500.jpg 500w\" sizes=\"auto, (max-width: 150px) 100vw, 150px\" \/><\/div><\/a>\r\n\t\t<\/div>\r\n\t<\/div>\r\n\r\n\t<div class=\"wpb_single_image wpb_content_element vc_align_center  vc_custom_1561312473794\">\r\n\t\t<div class=\"wpb_wrapper\">\r\n\t\t\t\r\n\t\t\t<a class=\"qode-prettyphoto qode-single-image-pretty-photo\" data-rel=\"prettyPhoto[rel-9-256852382]\" href=\"https:\/\/aluminioslamarina.com\/wp-content\/uploads\/2019\/03\/IMG_8320-2-1024x683.jpg\" target=\"_self\"><div class=\"vc_single_image-wrapper   vc_box_border_grey\"><img loading=\"lazy\" decoding=\"async\" width=\"150\" height=\"150\" src=\"https:\/\/aluminioslamarina.com\/wp-content\/uploads\/2019\/03\/IMG_8320-2-150x150.jpg\" class=\"vc_single_image-img attachment-thumbnail\" alt=\"\" title=\"IMG_8320\" srcset=\"https:\/\/aluminioslamarina.com\/wp-content\/uploads\/2019\/03\/IMG_8320-2-150x150.jpg 150w, https:\/\/aluminioslamarina.com\/wp-content\/uploads\/2019\/03\/IMG_8320-2-570x570.jpg 570w, https:\/\/aluminioslamarina.com\/wp-content\/uploads\/2019\/03\/IMG_8320-2-500x500.jpg 500w\" sizes=\"auto, (max-width: 150px) 100vw, 150px\" \/><\/div><\/a>\r\n\t\t<\/div>\r\n\t<\/div>\r\n<\/div><\/div><\/div><div class=\"wpb_column vc_column_container vc_col-sm-1\/5\"><div class=\"vc_column-inner\"><div class=\"wpb_wrapper\">\r\n\t<div class=\"wpb_single_image wpb_content_element vc_align_center  vc_custom_1561312520348\">\r\n\t\t<div class=\"wpb_wrapper\">\r\n\t\t\t\r\n\t\t\t<a class=\"qode-prettyphoto qode-single-image-pretty-photo\" data-rel=\"prettyPhoto[rel-9-390574752]\" href=\"https:\/\/aluminioslamarina.com\/wp-content\/uploads\/2019\/03\/IMG_8428-2-1024x683.jpg\" target=\"_self\"><div class=\"vc_single_image-wrapper   vc_box_border_grey\"><img loading=\"lazy\" decoding=\"async\" width=\"150\" height=\"150\" src=\"https:\/\/aluminioslamarina.com\/wp-content\/uploads\/2019\/03\/IMG_8428-2-150x150.jpg\" class=\"vc_single_image-img attachment-thumbnail\" alt=\"\" title=\"IMG_8428\" srcset=\"https:\/\/aluminioslamarina.com\/wp-content\/uploads\/2019\/03\/IMG_8428-2-150x150.jpg 150w, https:\/\/aluminioslamarina.com\/wp-content\/uploads\/2019\/03\/IMG_8428-2-570x570.jpg 570w, https:\/\/aluminioslamarina.com\/wp-content\/uploads\/2019\/03\/IMG_8428-2-500x500.jpg 500w\" sizes=\"auto, (max-width: 150px) 100vw, 150px\" \/><\/div><\/a>\r\n\t\t<\/div>\r\n\t<\/div>\r\n\r\n\t<div class=\"wpb_single_image wpb_content_element vc_align_center  vc_custom_1561312534949\">\r\n\t\t<div class=\"wpb_wrapper\">\r\n\t\t\t\r\n\t\t\t<a class=\"qode-prettyphoto qode-single-image-pretty-photo\" data-rel=\"prettyPhoto[rel-9-124582649]\" href=\"https:\/\/aluminioslamarina.com\/wp-content\/uploads\/2019\/03\/IMG_8352-2-1024x683.jpg\" target=\"_self\"><div class=\"vc_single_image-wrapper   vc_box_border_grey\"><img loading=\"lazy\" decoding=\"async\" width=\"150\" height=\"150\" src=\"https:\/\/aluminioslamarina.com\/wp-content\/uploads\/2019\/03\/IMG_8352-2-150x150.jpg\" class=\"vc_single_image-img attachment-thumbnail\" alt=\"\" title=\"IMG_8352\" srcset=\"https:\/\/aluminioslamarina.com\/wp-content\/uploads\/2019\/03\/IMG_8352-2-150x150.jpg 150w, https:\/\/aluminioslamarina.com\/wp-content\/uploads\/2019\/03\/IMG_8352-2-570x570.jpg 570w, https:\/\/aluminioslamarina.com\/wp-content\/uploads\/2019\/03\/IMG_8352-2-500x500.jpg 500w\" sizes=\"auto, (max-width: 150px) 100vw, 150px\" \/><\/div><\/a>\r\n\t\t<\/div>\r\n\t<\/div>\r\n\r\n\t<div class=\"wpb_single_image wpb_content_element vc_align_center  vc_custom_1561312541570\">\r\n\t\t<div class=\"wpb_wrapper\">\r\n\t\t\t\r\n\t\t\t<a class=\"qode-prettyphoto qode-single-image-pretty-photo\" data-rel=\"prettyPhoto[rel-9-521783800]\" href=\"https:\/\/aluminioslamarina.com\/wp-content\/uploads\/2019\/03\/IMG_8331-2-e1551648182721-683x1024.jpg\" target=\"_self\"><div class=\"vc_single_image-wrapper   vc_box_border_grey\"><img loading=\"lazy\" decoding=\"async\" width=\"150\" height=\"150\" src=\"https:\/\/aluminioslamarina.com\/wp-content\/uploads\/2019\/03\/IMG_8331-2-e1551648182721-150x150.jpg\" class=\"vc_single_image-img attachment-thumbnail\" alt=\"\" title=\"IMG_8331\" srcset=\"https:\/\/aluminioslamarina.com\/wp-content\/uploads\/2019\/03\/IMG_8331-2-e1551648182721-150x150.jpg 150w, https:\/\/aluminioslamarina.com\/wp-content\/uploads\/2019\/03\/IMG_8331-2-e1551648182721-570x570.jpg 570w, https:\/\/aluminioslamarina.com\/wp-content\/uploads\/2019\/03\/IMG_8331-2-e1551648182721-500x500.jpg 500w\" sizes=\"auto, (max-width: 150px) 100vw, 150px\" \/><\/div><\/a>\r\n\t\t<\/div>\r\n\t<\/div>\r\n\r\n\t<div class=\"wpb_single_image wpb_content_element vc_align_center  vc_custom_1561312550545\">\r\n\t\t<div class=\"wpb_wrapper\">\r\n\t\t\t\r\n\t\t\t<a class=\"qode-prettyphoto qode-single-image-pretty-photo\" data-rel=\"prettyPhoto[rel-9-1884950375]\" href=\"https:\/\/aluminioslamarina.com\/wp-content\/uploads\/2019\/03\/IMG_8317-2-1024x450.jpg\" target=\"_self\"><div class=\"vc_single_image-wrapper   vc_box_border_grey\"><img loading=\"lazy\" decoding=\"async\" width=\"150\" height=\"150\" src=\"https:\/\/aluminioslamarina.com\/wp-content\/uploads\/2019\/03\/IMG_8317-2-150x150.jpg\" class=\"vc_single_image-img attachment-thumbnail\" alt=\"\" title=\"IMG_8317\" \/><\/div><\/a>\r\n\t\t<\/div>\r\n\t<\/div>\r\n<\/div><\/div><\/div><div class=\"wpb_column vc_column_container vc_col-sm-1\/5\"><div class=\"vc_column-inner\"><div class=\"wpb_wrapper\">\r\n\t<div class=\"wpb_single_image wpb_content_element vc_align_center  vc_custom_1561312559886\">\r\n\t\t<div class=\"wpb_wrapper\">\r\n\t\t\t\r\n\t\t\t<div class=\"vc_single_image-wrapper   vc_box_border_grey\"><img loading=\"lazy\" decoding=\"async\" width=\"150\" height=\"150\" src=\"https:\/\/aluminioslamarina.com\/wp-content\/uploads\/2019\/03\/IMG_8392-2-e1551647564625-150x150.jpg\" class=\"vc_single_image-img attachment-thumbnail\" alt=\"\" title=\"IMG_8392\" srcset=\"https:\/\/aluminioslamarina.com\/wp-content\/uploads\/2019\/03\/IMG_8392-2-e1551647564625-150x150.jpg 150w, https:\/\/aluminioslamarina.com\/wp-content\/uploads\/2019\/03\/IMG_8392-2-e1551647564625-570x570.jpg 570w, https:\/\/aluminioslamarina.com\/wp-content\/uploads\/2019\/03\/IMG_8392-2-e1551647564625-500x500.jpg 500w\" sizes=\"auto, (max-width: 150px) 100vw, 150px\" \/><\/div>\r\n\t\t<\/div>\r\n\t<\/div>\r\n\r\n\t<div class=\"wpb_single_image wpb_content_element vc_align_center  vc_custom_1561312567279\">\r\n\t\t<div class=\"wpb_wrapper\">\r\n\t\t\t\r\n\t\t\t<a class=\"qode-prettyphoto qode-single-image-pretty-photo\" data-rel=\"prettyPhoto[rel-9-2082136559]\" href=\"https:\/\/aluminioslamarina.com\/wp-content\/uploads\/2019\/03\/IMG_8351-2-e1551648098664-683x1024.jpg\" target=\"_self\"><div class=\"vc_single_image-wrapper   vc_box_border_grey\"><img loading=\"lazy\" decoding=\"async\" width=\"150\" height=\"150\" src=\"https:\/\/aluminioslamarina.com\/wp-content\/uploads\/2019\/03\/IMG_8351-2-e1551648098664-150x150.jpg\" class=\"vc_single_image-img attachment-thumbnail\" alt=\"\" title=\"IMG_8351\" srcset=\"https:\/\/aluminioslamarina.com\/wp-content\/uploads\/2019\/03\/IMG_8351-2-e1551648098664-150x150.jpg 150w, https:\/\/aluminioslamarina.com\/wp-content\/uploads\/2019\/03\/IMG_8351-2-e1551648098664-570x570.jpg 570w, https:\/\/aluminioslamarina.com\/wp-content\/uploads\/2019\/03\/IMG_8351-2-e1551648098664-500x500.jpg 500w\" sizes=\"auto, (max-width: 150px) 100vw, 150px\" \/><\/div><\/a>\r\n\t\t<\/div>\r\n\t<\/div>\r\n\r\n\t<div class=\"wpb_single_image wpb_content_element vc_align_center  vc_custom_1561312575380\">\r\n\t\t<div class=\"wpb_wrapper\">\r\n\t\t\t\r\n\t\t\t<a class=\"qode-prettyphoto qode-single-image-pretty-photo\" data-rel=\"prettyPhoto[rel-9-572132384]\" href=\"https:\/\/aluminioslamarina.com\/wp-content\/uploads\/2019\/03\/IMG_8329-2-1024x683.jpg\" target=\"_self\"><div class=\"vc_single_image-wrapper   vc_box_border_grey\"><img loading=\"lazy\" decoding=\"async\" width=\"150\" height=\"150\" src=\"https:\/\/aluminioslamarina.com\/wp-content\/uploads\/2019\/03\/IMG_8329-2-150x150.jpg\" class=\"vc_single_image-img attachment-thumbnail\" alt=\"\" title=\"IMG_8329\" srcset=\"https:\/\/aluminioslamarina.com\/wp-content\/uploads\/2019\/03\/IMG_8329-2-150x150.jpg 150w, https:\/\/aluminioslamarina.com\/wp-content\/uploads\/2019\/03\/IMG_8329-2-570x570.jpg 570w, https:\/\/aluminioslamarina.com\/wp-content\/uploads\/2019\/03\/IMG_8329-2-500x500.jpg 500w\" sizes=\"auto, (max-width: 150px) 100vw, 150px\" \/><\/div><\/a>\r\n\t\t<\/div>\r\n\t<\/div>\r\n\r\n\t<div class=\"wpb_single_image wpb_content_element vc_align_center  vc_custom_1561312585970\">\r\n\t\t<div class=\"wpb_wrapper\">\r\n\t\t\t\r\n\t\t\t<a class=\"qode-prettyphoto qode-single-image-pretty-photo\" data-rel=\"prettyPhoto[rel-9-2109539172]\" href=\"https:\/\/aluminioslamarina.com\/wp-content\/uploads\/2019\/03\/IMG_8315-2-e1551647807660-683x1024.jpg\" target=\"_self\"><div class=\"vc_single_image-wrapper   vc_box_border_grey\"><img loading=\"lazy\" decoding=\"async\" width=\"150\" height=\"150\" src=\"https:\/\/aluminioslamarina.com\/wp-content\/uploads\/2019\/03\/IMG_8315-2-e1551647807660-150x150.jpg\" class=\"vc_single_image-img attachment-thumbnail\" alt=\"\" title=\"IMG_8315\" srcset=\"https:\/\/aluminioslamarina.com\/wp-content\/uploads\/2019\/03\/IMG_8315-2-e1551647807660-150x150.jpg 150w, https:\/\/aluminioslamarina.com\/wp-content\/uploads\/2019\/03\/IMG_8315-2-e1551647807660-570x570.jpg 570w, https:\/\/aluminioslamarina.com\/wp-content\/uploads\/2019\/03\/IMG_8315-2-e1551647807660-500x500.jpg 500w\" sizes=\"auto, (max-width: 150px) 100vw, 150px\" \/><\/div><\/a>\r\n\t\t<\/div>\r\n\t<\/div>\r\n<\/div><\/div><\/div><\/div><\/div><div      class=\"vc_row wpb_row section vc_row-fluid\" style=' text-align:left;'><div class=\"full_section_inner clearfix\"><div class=\"wpb_column vc_column_container vc_col-sm-3\"><div class=\"vc_column-inner\"><div class=\"wpb_wrapper\"><\/div><\/div><\/div><div class=\"wpb_column vc_column_container vc_col-sm-6\"><div class=\"vc_column-inner vc_custom_1551648251613\"><div class=\"wpb_wrapper\">\r\n\t<div class=\"wpb_single_image wpb_content_element vc_align_left\">\r\n\t\t<div class=\"wpb_wrapper\">\r\n\t\t\t\r\n\t\t\t<div class=\"vc_single_image-wrapper   vc_box_border_grey\"><img loading=\"lazy\" decoding=\"async\" width=\"1024\" height=\"683\" src=\"https:\/\/aluminioslamarina.com\/wp-content\/uploads\/2019\/03\/IMG_8501-1-1024x683.jpg\" class=\"vc_single_image-img attachment-large\" alt=\"\" title=\"IMG_8501\" srcset=\"https:\/\/aluminioslamarina.com\/wp-content\/uploads\/2019\/03\/IMG_8501-1.jpg 1024w, https:\/\/aluminioslamarina.com\/wp-content\/uploads\/2019\/03\/IMG_8501-1-300x200.jpg 300w, https:\/\/aluminioslamarina.com\/wp-content\/uploads\/2019\/03\/IMG_8501-1-768x512.jpg 768w, https:\/\/aluminioslamarina.com\/wp-content\/uploads\/2019\/03\/IMG_8501-1-700x467.jpg 700w\" sizes=\"auto, (max-width: 1024px) 100vw, 1024px\" \/><\/div>\r\n\t\t<\/div>\r\n\t<\/div>\r\n<\/div><\/div><\/div><div class=\"wpb_column vc_column_container vc_col-sm-3\"><div class=\"vc_column-inner\"><div class=\"wpb_wrapper\"><\/div><\/div><\/div><\/div><\/div><div      class=\"vc_row wpb_row section vc_row-fluid  vc_custom_1561573909910\" style=' text-align:left;'><div class=\"full_section_inner clearfix\"><div class=\"wpb_column vc_column_container vc_col-sm-3\"><div class=\"vc_column-inner\"><div class=\"wpb_wrapper\"><\/div><\/div><\/div><div class=\"wpb_column vc_column_container vc_col-sm-6\"><div class=\"vc_column-inner\"><div class=\"wpb_wrapper\">\r\n\t<div class=\"wpb_single_image wpb_content_element vc_align_center\">\r\n\t\t<div class=\"wpb_wrapper\">\r\n\t\t\t\r\n\t\t\t<div class=\"vc_single_image-wrapper   vc_box_border_grey\"><img loading=\"lazy\" decoding=\"async\" width=\"4032\" height=\"1960\" src=\"https:\/\/aluminioslamarina.com\/wp-content\/uploads\/2019\/06\/20190625_123612-014732.jpeg\" class=\"vc_single_image-img attachment-full\" alt=\"\" title=\"20190625_123612-01[4732]\" srcset=\"https:\/\/aluminioslamarina.com\/wp-content\/uploads\/2019\/06\/20190625_123612-014732.jpeg 4032w, https:\/\/aluminioslamarina.com\/wp-content\/uploads\/2019\/06\/20190625_123612-014732-300x146.jpeg 300w, https:\/\/aluminioslamarina.com\/wp-content\/uploads\/2019\/06\/20190625_123612-014732-768x373.jpeg 768w, https:\/\/aluminioslamarina.com\/wp-content\/uploads\/2019\/06\/20190625_123612-014732-1024x498.jpeg 1024w, https:\/\/aluminioslamarina.com\/wp-content\/uploads\/2019\/06\/20190625_123612-014732-700x340.jpeg 700w\" sizes=\"auto, (max-width: 4032px) 100vw, 4032px\" \/><\/div>\r\n\t\t<\/div>\r\n\t<\/div>\r\n<\/div><\/div><\/div><div class=\"wpb_column vc_column_container vc_col-sm-3\"><div class=\"vc_column-inner\"><div class=\"wpb_wrapper\"><\/div><\/div><\/div><\/div><\/div><div      class=\"vc_row wpb_row section vc_row-fluid\" style=' text-align:left;'><div class=\"full_section_inner clearfix\"><div class=\"wpb_column vc_column_container vc_col-sm-2\"><div class=\"vc_column-inner\"><div class=\"wpb_wrapper\"><\/div><\/div><\/div><div class=\"wpb_column vc_column_container vc_col-sm-2\"><div class=\"vc_column-inner\"><div class=\"wpb_wrapper\"><\/div><\/div><\/div><div class=\"wpb_column vc_column_container vc_col-sm-2\"><div class=\"vc_column-inner\"><div class=\"wpb_wrapper\"><div class=\"vc_icon_element vc_icon_element-outer vc_do_icon vc_icon_element-align-center\"><div class=\"vc_icon_element-inner vc_icon_element-color-turquoise vc_icon_element-size-md vc_icon_element-style- vc_icon_element-background-color-grey\" ><span class=\"vc_icon_element-icon fa fa-facebook-square\" ><\/span><a class=\"vc_icon_element-link\" href=\"https:\/\/www.facebook.com\/Aluminios-La-Marina-2323972807874527\/\"  title=\"\" target=\"_self\"><\/a><\/div><\/div><\/div><\/div><\/div><div class=\"wpb_column vc_column_container vc_col-sm-2\"><div class=\"vc_column-inner\"><div class=\"wpb_wrapper\"><div class=\"vc_icon_element vc_icon_element-outer vc_do_icon vc_icon_element-align-center\"><div class=\"vc_icon_element-inner vc_icon_element-color-turquoise vc_icon_element-size-md vc_icon_element-style- vc_icon_element-background-color-grey\" ><span class=\"vc_icon_element-icon fa fa-instagram\" ><\/span><a class=\"vc_icon_element-link\" href=\"https:\/\/www.instagram.com\/aluminioslamarina\/\"  title=\"\" target=\"_self\"><\/a><\/div><\/div><\/div><\/div><\/div><div class=\"wpb_column vc_column_container vc_col-sm-2\"><div class=\"vc_column-inner\"><div class=\"wpb_wrapper\"><\/div><\/div><\/div><div class=\"wpb_column vc_column_container vc_col-sm-2\"><div class=\"vc_column-inner\"><div class=\"wpb_wrapper\"><\/div><\/div><\/div><\/div><\/div>\n<\/div>","protected":false},"excerpt":{"rendered":"\u00a0 \u00a0 \u00a0 \u00a0 \u00a0Aluminios La Marina es una empresa de carpinter\u00eda met\u00e1lica con m\u00e1s de 25 a\u00f1os de trayectoria en el sector del aluminio. \u00a0 \u00a0 \u00a0 \u00a0 \u00a0Dejar en el exterior el calor, el fr\u00edo, la humedad, el viento y el ruido proporciona...","protected":false},"author":1,"featured_media":0,"parent":0,"menu_order":0,"comment_status":"closed","ping_status":"closed","template":"","meta":{"_exactmetrics_skip_tracking":false,"_exactmetrics_sitenote_active":false,"_exactmetrics_sitenote_note":"","_exactmetrics_sitenote_category":0,"_monsterinsights_skip_tracking":false,"_monsterinsights_sitenote_active":false,"_monsterinsights_sitenote_note":"","_monsterinsights_sitenote_category":0,"footnotes":""},"class_list":["post-9","page","type-page","status-publish","hentry"],"_links":{"self":[{"href":"https:\/\/aluminioslamarina.com\/en\/wp-json\/wp\/v2\/pages\/9","targetHints":{"allow":["GET"]}}],"collection":[{"href":"https:\/\/aluminioslamarina.com\/en\/wp-json\/wp\/v2\/pages"}],"about":[{"href":"https:\/\/aluminioslamarina.com\/en\/wp-json\/wp\/v2\/types\/page"}],"author":[{"embeddable":true,"href":"https:\/\/aluminioslamarina.com\/en\/wp-json\/wp\/v2\/users\/1"}],"replies":[{"embeddable":true,"href":"https:\/\/aluminioslamarina.com\/en\/wp-json\/wp\/v2\/comments?post=9"}],"version-history":[{"count":22,"href":"https:\/\/aluminioslamarina.com\/en\/wp-json\/wp\/v2\/pages\/9\/revisions"}],"predecessor-version":[{"id":681,"href":"https:\/\/aluminioslamarina.com\/en\/wp-json\/wp\/v2\/pages\/9\/revisions\/681"}],"wp:attachment":[{"href":"https:\/\/aluminioslamarina.com\/en\/wp-json\/wp\/v2\/media?parent=9"}],"curies":[{"name":"wp","href":"https:\/\/api.w.org\/{rel}","templated":true}]}}